{"id":627,"date":"2015-03-27T10:45:36","date_gmt":"2015-03-27T10:45:36","guid":{"rendered":"http:\/\/www.gon.ad\/estalvii-temps-en-la-lectura-del-bopa-i-en-trucades-de-captacio-comercial\/"},"modified":"2018-05-07T15:29:32","modified_gmt":"2018-05-07T14:29:32","slug":"inicio","status":"publish","type":"page","link":"http:\/\/www.gon.ad\/es\/","title":{"rendered":"inicio"},"content":{"rendered":"<p>[vc_row layout=&#8221;home_alt5_sec&#8221; ses_id=&#8221;home&#8221; css=&#8221;.vc_custom_1515174051614{background-image: url(http:\/\/gon.ad\/wp-content\/uploads\/2015\/03\/home-bg1.jpg?id=408) !important;}&#8221;][vc_column effect=&#8221;fadeInUp&#8221; offset=&#8221;vc_col-md-offset-2 vc_col-md-8&#8243; el_class=&#8221;z-index1&#8243;][vc_column_text]<\/p>\n<h3>\u00bfCuantas horas dedica a la semana a leer el BOPA?<\/h3>\n<p class=\"no-auto\">InfoGON es la forma m\u00e1s sencilla y econ\u00f3mica de estar al corriente de todos los concursos y adjudicaciones p\u00fablicas en Andorra, ahorrando tiempo y dinero.<\/p>\n<p class=\"no-auto\"><a class=\"btn-play\">play<\/a><\/p>\n<p>[\/vc_column_text][\/vc_column][\/vc_row][vc_row layout=&#8221;about_sec&#8221; ses_id=&#8221;about&#8221;][vc_column animation=&#8221;yes&#8221; effect=&#8221;fadeInLeft&#8221; delay=&#8221;0.4s&#8221; el_class=&#8221;wow&#8221; offset=&#8221;vc_col-md-7&#8243;][screenshots_slider screenshots=&#8221;570,566,567,568&#8243;][\/vc_column][vc_column offset=&#8221;vc_col-md-5&#8243;][vc_column_text]<\/p>\n<div class=\"heading\">\n<h3>\u00bfQu\u00e9 es Gon?<\/h3>\n<p>Somos un servicio empresarial.<\/p>\n<\/div>\n<p>Tomando como ejes el seguimiento de concursos p\u00fablicos y privados, la promoci\u00f3n interna de productos de forma segmentada o global, la oferta laboral y la informaci\u00f3n de ferias y congresos m\u00e1s importantes del sector de cada cliente, dinamizamos el mercado con servicios vinculados con las oportunidades de negocio, ahorrando tiempo que se traducen en dinero.<\/p>\n<h3>\u00bfQu\u00e9 hay que tener?<\/h3>\n<p>Disponer de un equipo inform\u00e1tico, de conexi\u00f3n a internet y de una o m\u00e1s direcciones de correo electr\u00f3nico.<\/p>\n<p><a class=\"btn btn-primary\" href=\"mailto:gon@gon.ad\">Contacta y recibir\u00e1s informaci\u00f3n personalizada<\/a>[\/vc_column_text][\/vc_column][\/vc_row][vc_row layout=&#8221;testi_sec&#8221; ses_id=&#8221;testimoni&#8221;][vc_column animation=&#8221;yes&#8221; delay=&#8221;0.4s&#8221; offset=&#8221;vc_col-md-12&#8243;][testimonials_slider][testimonials_slider_item testimonial_img=&#8221;574&#8243; testimonial_content=&#8221;His ea case ipsum tollit. Nec principes persecuti ne. Cu vis erat signiferumque. Sit ei porro commodo periculis. Iusto quaerendum pri.&#8221; name=&#8221;Fernando Blanco&#8221; link=&#8221;sisegrau.com&#8221;]Desde el primer env\u00edo de GON te das cuenta del tiempo que pierdes o que haces perder leyendo el BOPA. Es fundamental para nuestro negocio.[\/testimonials_slider_item][testimonials_slider_item testimonial_img=&#8221;61&#8243; testimonial_content=&#8221;His ea case ipsum tollit. Nec principes persecuti ne. Cu vis erat signiferumque. Sit ei porro commodo periculis. Iusto quaerendum pri.&#8221; name=&#8221;J\u00falia Crespo&#8221; link=&#8221;Empresaria&#8221;]\u00a1Gracias a InfoGON me entero antes que nadie de los concursos que a m\u00ed me interesan sin tener que remover el BOPA![\/testimonials_slider_item][testimonials_slider_item testimonial_img=&#8221;46&#8243; testimonial_content=&#8221;His ea case ipsum tollit. Nec principes persecuti ne. Cu vis erat signiferumque. Sit ei porro commodo periculis. Iusto quaerendum pri.&#8221; name=&#8221;Josep Vallbona&#8221; link=&#8221;Fragadi SA&#8221;]Excelente servicio. \u00a1Puntual, riguroso y profesional! Con InfoGON puedo dedicar m\u00e1s tiempo a mis responsabilidades.[\/testimonials_slider_item][\/testimonials_slider][\/vc_column][\/vc_row][vc_row layout=&#8221;services_sec&#8221; ses_id=&#8221;services&#8221;][vc_column offset=&#8221;vc_col-md-offset-3 vc_col-md-6&#8243;][vc_column_text]<\/p>\n<div class=\"heading text-center mgbt40\">\n<h3>Nuestros servicios<\/h3>\n<p>Orientados a optimizar vuestro tiempo<\/p>\n<\/div>\n<p>[\/vc_column_text][\/vc_column][vc_column animation=&#8221;yes&#8221; effect=&#8221;fadeInUp&#8221; delay=&#8221;0.8&#8243;][vc_row_inner][vc_column_inner el_class=&#8221;vc_col-md-4 service-box&#8221;][services img=&#8221;72&#8243; title=&#8221;Gesti\u00f3n de concursos p\u00fablicos&#8221; description=&#8221;His primis omittam intellegat cu, voluptua appetere mea ad, eu harum oporteat vix. Et vel quod legimus, graeci electram ocurreret at his. Vix at tation facete impetus omnesque ius harum antiopam.&#8221; link=&#8221;#&#8221; text_btn=&#8221;Learn more&#8221;]Cada mi\u00e9rcoles categorizamos por sectores todos los concursos y adjudicaciones del BOPA y le informamos al instante de los que le interesan, as\u00ed como leyes o decretos.<\/p>\n<p><a class=\"btn btn-primary\" href=\"mailto:gon@gon.ad\">Informaci\u00f3n personalizada<\/a>[\/services][\/vc_column_inner][vc_column_inner el_class=&#8221;vc_col-md-4 service-box&#8221;][services img=&#8221;68&#8243; title=&#8221;Presentaci\u00f3n de empresas&#8221; description=&#8221;His primis omittam intellegat cu, voluptua appetere mea ad, eu harum oporteat vix. Et vel quod legimus, graeci electram ocurreret at his. Vix at tation facete impetus omnesque ius harum antiopam.&#8221; link=&#8221;#&#8221; text_btn=&#8221;Learn more&#8221;]Aproveche, mediante profesionales en relaciones empresariales y a un coste muy reducido realizar, en funci\u00f3n de sus necesidades, un n\u00famero determinado de visitas de empresa a nuevos clientes, permitiendo as\u00ed la presencia constante de su empresa en el mercado.<\/p>\n<p><a class=\"btn btn-primary\" href=\"mailto:gon@gon.ad\">Informaci\u00f3n personalizada<\/a>[\/services][\/vc_column_inner][vc_column_inner el_class=&#8221;vc_col-md-4 service-box&#8221;][services img=&#8221;73&#8243; title=&#8221;Gesti\u00f3n de llamadas comerciales&#8221; description=&#8221;His primis omittam intellegat cu, voluptua appetere mea ad, eu harum oporteat vix. Et vel quod legimus, graeci electram ocurreret at his. Vix at tation facete impetus omnesque ius harum antiopam.&#8221; link=&#8221;#&#8221; text_btn=&#8221;Learn more&#8221;]Un servicio basado en la concertaci\u00f3n de visitas de forma personalizada por parte de un profesional en atenci\u00f3n telef\u00f3nica con el fin de obtener un m\u00e1ximo y \u00f3ptimo rendimiento de su departamento comercial.<\/p>\n<p><a class=\"btn btn-primary\" href=\"mailto:gon@gon.ad\">Informaci\u00f3n personalizada<\/a>[\/services][\/vc_column_inner][\/vc_row_inner][\/vc_column][\/vc_row][vc_row layout=&#8221;pricing_sec&#8221; ses_id=&#8221;pricing&#8221;][vc_column offset=&#8221;vc_col-md-offset-3 vc_col-md-6&#8243;][vc_column_text]<\/p>\n<div class=\"heading text-center mgbt40\">\n<h3>Nuestros precios<\/h3>\n<p>Mucho m\u00e1s bajos que tus horas<br \/>\no las de tu personal.<\/p>\n<\/div>\n<p>[\/vc_column_text][\/vc_column][vc_column offset=&#8221;vc_col-md-offset-1 vc_col-md-10&#8243;][pricing price=&#8221;<strong>9,99<\/strong>\u20ac&#8221; title=&#8221;InfoGon B\u00e0sic&#8221; animation=&#8221;yes&#8221; effect=&#8221;flipInY&#8221; position=&#8221;onleft&#8221; el_class=&#8221;onleft&#8221;]<\/p>\n<ul>\n<li>Cada mi\u00e9rcoles categorizamos todos los concursos y adjudicaciones del BOPA.<\/li>\n<li>Informamos por email al instante de los que le interesan, as\u00ed como de leyes o decretos relacionados a sus sectores de inter\u00e9s.<\/li>\n<li>Precio mensual.<\/li>\n<\/ul>\n<p><a class=\"btn btn-bavel btn-lg\" href=\"mailto:gon@gon.ad\">+informaci\u00f3n<\/a>[\/pricing][pricing price=&#8221;<strong>14<\/strong>\u20ac&#8221; title=&#8221;InfoGon+ Com\u00fa&#8221; animation=&#8221;yes&#8221; effect=&#8221;flipInY&#8221; delay=&#8221;0.6s&#8221; position=&#8221;featured&#8221; el_class=&#8221;featured&#8221;]<\/p>\n<ul>\n<li>Todos los servicios de InfoGon B\u00e0sic, m\u00e1s:<\/li>\n<li>Complemento de informaci\u00f3n de las demandas del departamento de Compras del Ayuntamiento de Andorra la Vella.<\/li>\n<li>Precio mensual.<\/li>\n<\/ul>\n<p><a class=\"btn btn-bavel btn-lg\" href=\"mailto:gon@gon.ad\">+informaci\u00f3n<\/a>[\/pricing][pricing price=&#8221;<strong>15<\/strong>\u20ac&#8221; title=&#8221;Recogida\/entrega de pliegos&#8221; animation=&#8221;yes&#8221; effect=&#8221;flipInY&#8221; delay=&#8221;0.4s&#8221; position=&#8221;onright&#8221; el_class=&#8221;onright&#8221;]<\/p>\n<ul>\n<li>Nos ocupamos de la recogida o entrega del pliego de bases a los organismos oficiales.<\/li>\n<li>Tambi\u00e9n de la entrega en mano en su empresa o viceversa.<\/li>\n<li>Precio por gesti\u00f3n<\/li>\n<\/ul>\n<p><a class=\"btn btn-bavel btn-lg\" href=\"mailto:gon@gon.ad\">+informaci\u00f3n<\/a>[\/pricing][\/vc_column][\/vc_row][vc_row layout=&#8221;contact_sec&#8221; ses_id=&#8221;contact&#8221;][vc_column][vc_row_inner layout=&#8221;contact_info&#8221;][vc_column_inner el_class=&#8221;vc_col-md-5&#8243;][vc_column_text]<\/p>\n<div class=\"heading mgbt40\">\n<h3>Contactanos<\/h3>\n<p>Estamos a tu disposici\u00f3n<\/p>\n<\/div>\n<ul class=\"contact-list\">\n<li><i class=\"fa fa-map-marker\"><\/i>Ctra. de Nagol, 23, baixos<br \/>\nSant Juli\u00e0 de L\u00f2ria &#8211; Andorra<\/li>\n<li><i class=\"fa fa-phone\"><\/i>+376 844 781<br \/>\ngon@gon.ad<\/li>\n<\/ul>\n<p>[\/vc_column_text][\/vc_column_inner][\/vc_row_inner][\/vc_column][vc_column css=&#8221;.vc_custom_1427382418293{padding-right: 0px !important;padding-left: 0px !important;}&#8221;][vc_row_inner layout=&#8221;contact_form&#8221;][vc_column_inner el_class=&#8221;vc_col-md-5 sub-form&#8221;][vc_column_text]<\/p>\n<h3>Mantente informado<\/h3>\n<p>Te haremos llegar las novedades y promociones en tu email.[\/vc_column_text]\n<div class=\"wpcf7 no-js\" id=\"wpcf7-f644-o1\" lang=\"en-US\" dir=\"ltr\" data-wpcf7-id=\"644\">\n<div class=\"screen-reader-response\"><p role=\"status\" aria-live=\"polite\" aria-atomic=\"true\"><\/p> <ul><\/ul><\/div>\n<form action=\"\/es\/wp-json\/wp\/v2\/pages\/627#wpcf7-f644-o1\" method=\"post\" class=\"wpcf7-form init\" aria-label=\"Contact form\" novalidate=\"novalidate\" data-status=\"init\">\n<fieldset class=\"hidden-fields-container\"><input type=\"hidden\" name=\"_wpcf7\" value=\"644\" \/><input type=\"hidden\" name=\"_wpcf7_version\" value=\"6.1\" \/><input type=\"hidden\" name=\"_wpcf7_locale\" value=\"en_US\" \/><input type=\"hidden\" name=\"_wpcf7_unit_tag\" value=\"wpcf7-f644-o1\" \/><input type=\"hidden\" name=\"_wpcf7_container_post\" value=\"0\" \/><input type=\"hidden\" name=\"_wpcf7_posted_data_hash\" value=\"\" \/>\n<\/fieldset>\n<fieldset class=\"subscribe-form\">\n\t<p><span class=\"wpcf7-form-control-wrap\" data-name=\"email-184\"><input size=\"40\" maxlength=\"400\" class=\"wpcf7-form-control wpcf7-email wpcf7-validates-as-required wpcf7-text wpcf7-validates-as-email subscribe\" aria-required=\"true\" aria-invalid=\"false\" placeholder=\"Deja tu email aqu\u00ed...\" value=\"\" type=\"email\" name=\"email-184\" \/><\/span><input class=\"wpcf7-form-control wpcf7-submit has-spinner subscribe-button\" type=\"submit\" value=\"Subscr\u00edbete\" \/>\n\t<\/p>\n<\/fieldset><p style=\"display: none !important;\" class=\"akismet-fields-container\" data-prefix=\"_wpcf7_ak_\"><label>&#916;<textarea name=\"_wpcf7_ak_hp_textarea\" cols=\"45\" rows=\"8\" maxlength=\"100\"><\/textarea><\/label><input type=\"hidden\" id=\"ak_js_1\" name=\"_wpcf7_ak_js\" value=\"111\"\/><script>document.getElementById( \"ak_js_1\" ).setAttribute( \"value\", ( new Date() ).getTime() );<\/script><\/p><div class=\"wpcf7-response-output\" aria-hidden=\"true\"><\/div>\n<\/form>\n<\/div>\n[\/vc_column_inner][vc_column_inner el_class=&#8221;vc_col-md-7&#8243; is_contact=&#8221;yes&#8221;]\n<div class=\"wpcf7 no-js\" id=\"wpcf7-f645-o2\" lang=\"en-US\" dir=\"ltr\" data-wpcf7-id=\"645\">\n<div class=\"screen-reader-response\"><p role=\"status\" aria-live=\"polite\" aria-atomic=\"true\"><\/p> <ul><\/ul><\/div>\n<form action=\"\/es\/wp-json\/wp\/v2\/pages\/627#wpcf7-f645-o2\" method=\"post\" class=\"wpcf7-form init\" aria-label=\"Contact form\" novalidate=\"novalidate\" data-status=\"init\">\n<fieldset class=\"hidden-fields-container\"><input type=\"hidden\" name=\"_wpcf7\" value=\"645\" \/><input type=\"hidden\" name=\"_wpcf7_version\" value=\"6.1\" \/><input type=\"hidden\" name=\"_wpcf7_locale\" value=\"en_US\" \/><input type=\"hidden\" name=\"_wpcf7_unit_tag\" value=\"wpcf7-f645-o2\" \/><input type=\"hidden\" name=\"_wpcf7_container_post\" value=\"0\" \/><input type=\"hidden\" name=\"_wpcf7_posted_data_hash\" value=\"\" \/>\n<\/fieldset>\n<div id=\"contactform\">\n\t<ul class=\"listForm\">\n\t\t<li>\n\t\t\t<p><label>Tu nombre:<\/label><span class=\"wpcf7-form-control-wrap\" data-name=\"your-name\"><input size=\"40\" maxlength=\"4\" class=\"wpcf7-form-control wpcf7-text wpcf7-validates-as-required form-control input-name\" aria-required=\"true\" aria-invalid=\"false\" value=\"\" type=\"text\" name=\"your-name\" \/><\/span>\n\t\t\t<\/p>\n\t\t<\/li>\n\t\t<li>\n\t\t\t<p><label>Tu email:<\/label><span class=\"wpcf7-form-control-wrap\" data-name=\"your-email\"><input size=\"40\" maxlength=\"400\" class=\"wpcf7-form-control wpcf7-email wpcf7-validates-as-required wpcf7-text wpcf7-validates-as-email form-control input-email\" aria-required=\"true\" aria-invalid=\"false\" value=\"\" type=\"email\" name=\"your-email\" \/><\/span>\n\t\t\t<\/p>\n\t\t<\/li>\n\t\t<li>\n\t\t\t<p><label>Tu mensaje:<\/label><span class=\"wpcf7-form-control-wrap\" data-name=\"your-message\"><textarea cols=\"40\" rows=\"9\" maxlength=\"2000\" class=\"wpcf7-form-control wpcf7-textarea wpcf7-validates-as-required form-control input-message\" aria-required=\"true\" aria-invalid=\"false\" name=\"your-message\"><\/textarea><\/span>\n\t\t\t<\/p>\n\t\t<\/li>\n\t\t<li class=\"text-center\">\n\t\t\t<p><input class=\"wpcf7-form-control wpcf7-submit has-spinner btn btn-yellow btn-bavel\" type=\"submit\" value=\"Enviar\" \/>\n\t\t\t<\/p>\n\t\t<\/li>\n\t<\/ul>\n<\/div><p style=\"display: none !important;\" class=\"akismet-fields-container\" data-prefix=\"_wpcf7_ak_\"><label>&#916;<textarea name=\"_wpcf7_ak_hp_textarea\" cols=\"45\" rows=\"8\" maxlength=\"100\"><\/textarea><\/label><input type=\"hidden\" id=\"ak_js_2\" name=\"_wpcf7_ak_js\" value=\"105\"\/><script>document.getElementById( \"ak_js_2\" ).setAttribute( \"value\", ( new Date() ).getTime() );<\/script><\/p><div class=\"wpcf7-response-output\" aria-hidden=\"true\"><\/div>\n<\/form>\n<\/div>\n[\/vc_column_inner][\/vc_row_inner][\/vc_column][\/vc_row][vc_row layout=&#8221;clients_sec&#8221;][vc_column]\n\t<ul class=\"client-list\">\n\t<li class=\"bottom-list\">\n\t<ul>\n\t<li>\n\t<a href=\"\" class=\"client-link wow flipInY\" data-wow-delay=\"0.2s\">\n\t<span class=\"logo-hover\"><img decoding=\"async\" src=\"http:\/\/www.gon.ad\/wp-content\/uploads\/2018\/01\/TOT.png\" alt=\"\" \/><\/span>\n\t<img decoding=\"async\" src=\"http:\/\/www.gon.ad\/wp-content\/uploads\/2018\/01\/TOT2.png\" class=\"client-logo\" alt=\"\" \/>\n\t<\/a>\n\t<\/li>\n\t<li>\n\t<a href=\"\" class=\"client-link wow flipInY\" data-wow-delay=\"0.4s\">\n\t<span class=\"logo-hover\"><img decoding=\"async\" src=\"http:\/\/www.gon.ad\/wp-content\/uploads\/2018\/01\/GEN3.png\" alt=\"\" \/><\/span>\n\t<img decoding=\"async\" src=\"http:\/\/www.gon.ad\/wp-content\/uploads\/2018\/01\/GEN.png\" class=\"client-logo\" alt=\"\" \/>\n\t<\/a>\n\t<\/li>\n\t<li>\n\t<a href=\"\" class=\"client-link wow flipInY\" data-wow-delay=\"0.6s\">\n\t<span class=\"logo-hover\"><img decoding=\"async\" src=\"http:\/\/www.gon.ad\/wp-content\/uploads\/2018\/01\/APROP1.png\" alt=\"\" \/><\/span>\n\t<img decoding=\"async\" src=\"http:\/\/www.gon.ad\/wp-content\/uploads\/2018\/01\/APROP2.png\" class=\"client-logo\" alt=\"\" \/>\n\t<\/a>\n\t<\/li>\n\t<li>\n\t<a href=\"http:\/\/www.sisegrau.com\" class=\"client-link wow flipInY\" data-wow-delay=\"0.8s\">\n\t<span class=\"logo-hover\"><img decoding=\"async\" src=\"http:\/\/www.gon.ad\/wp-content\/uploads\/2018\/01\/SIS.png\" alt=\"\" \/><\/span>\n\t<img decoding=\"async\" src=\"http:\/\/www.gon.ad\/wp-content\/uploads\/2018\/01\/SIS2.png\" class=\"client-logo\" alt=\"\" \/>\n\t<\/a>\n\t<\/li>\n\t<li class=\"last\">\n\t<a href=\"http:\/\/www.vipsa.ad\" class=\"client-link wow flipInY\" data-wow-delay=\"1s\">\n\t<span class=\"logo-hover\"><img decoding=\"async\" src=\"http:\/\/www.gon.ad\/wp-content\/uploads\/2018\/01\/vipsa2.png\" alt=\"\" \/><\/span>\n\t<img decoding=\"async\" src=\"http:\/\/www.gon.ad\/wp-content\/uploads\/2018\/01\/vipsa1.png\" class=\"client-logo\" alt=\"\" \/>\n\t<\/a>\n\t<\/li>\n\t<\/ul>\n\t<\/li>\n\t<\/ul>[\/vc_column][\/vc_row]<\/p>\n","protected":false},"excerpt":{"rendered":"<p>[vc_row layout=&#8221;home_alt5_sec&#8221; ses_id=&#8221;home&#8221; css=&#8221;.vc_custom_1515174051614{background-image: url(http:\/\/gon.ad\/wp-content\/uploads\/2015\/03\/home-bg1.jpg?id=408) !important;}&#8221;][vc_column effect=&#8221;fadeInUp&#8221; offset=&#8221;vc_col-md-offset-2 vc_col-md-8&#8243; el_class=&#8221;z-index1&#8243;][vc_column_text] \u00bfCuantas horas dedica a la semana a leer el BOPA? InfoGON es la forma m\u00e1s sencilla y econ\u00f3mica de estar al corriente de todos los concursos y adjudicaciones p\u00fablicas en Andorra, ahorrando tiempo y dinero. play [\/vc_column_text][\/vc_column][\/vc_row][vc_row layout=&#8221;about_sec&#8221; ses_id=&#8221;about&#8221;][vc_column animation=&#8221;yes&#8221; effect=&#8221;fadeInLeft&#8221; delay=&#8221;0.4s&#8221; el_class=&#8221;wow&#8221; offset=&#8221;vc_col-md-7&#8243;][screenshots_slider screenshots=&#8221;570,566,567,568&#8243;][\/vc_column][vc_column&#8230;<\/p>\n","protected":false},"author":2,"featured_media":0,"parent":0,"menu_order":0,"comment_status":"open","ping_status":"closed","template":"homepage.php","meta":{"_monsterinsights_skip_tracking":false,"_monsterinsights_sitenote_active":false,"_monsterinsights_sitenote_note":"","_monsterinsights_sitenote_category":0,"footnotes":""},"yst_prominent_words":[],"class_list":["post-627","page","type-page","status-publish","hentry"],"acf":[],"_links":{"self":[{"href":"http:\/\/www.gon.ad\/es\/wp-json\/wp\/v2\/pages\/627","targetHints":{"allow":["GET"]}}],"collection":[{"href":"http:\/\/www.gon.ad\/es\/wp-json\/wp\/v2\/pages"}],"about":[{"href":"http:\/\/www.gon.ad\/es\/wp-json\/wp\/v2\/types\/page"}],"author":[{"embeddable":true,"href":"http:\/\/www.gon.ad\/es\/wp-json\/wp\/v2\/users\/2"}],"replies":[{"embeddable":true,"href":"http:\/\/www.gon.ad\/es\/wp-json\/wp\/v2\/comments?post=627"}],"version-history":[{"count":9,"href":"http:\/\/www.gon.ad\/es\/wp-json\/wp\/v2\/pages\/627\/revisions"}],"predecessor-version":[{"id":652,"href":"http:\/\/www.gon.ad\/es\/wp-json\/wp\/v2\/pages\/627\/revisions\/652"}],"wp:attachment":[{"href":"http:\/\/www.gon.ad\/es\/wp-json\/wp\/v2\/media?parent=627"}],"wp:term":[{"taxonomy":"yst_prominent_words","embeddable":true,"href":"http:\/\/www.gon.ad\/es\/wp-json\/wp\/v2\/yst_prominent_words?post=627"}],"curies":[{"name":"wp","href":"https:\/\/api.w.org\/{rel}","templated":true}]}}